{"id":3,"date":"2022-03-22T22:31:21","date_gmt":"2022-03-22T22:31:21","guid":{"rendered":"http:\/\/furrier-group.hr\/?page_id=3"},"modified":"2025-02-15T00:42:10","modified_gmt":"2025-02-15T00:42:10","slug":"politika-privatnosti","status":"publish","type":"page","link":"https:\/\/furrier-group.hr\/index.php\/politika-privatnosti\/","title":{"rendered":"Politika privatnosti"},"content":{"rendered":"\t\t<div data-elementor-type=\"wp-page\" data-elementor-id=\"3\" class=\"elementor elementor-3\">\n\t\t\t\t<div class=\"elementor-element elementor-element-661edd5c e-flex e-con-boxed e-con e-parent\" data-id=\"661edd5c\" data-element_type=\"container\">\n\t\t\t\t\t<div class=\"e-con-inner\">\n\t\t\t\t<div class=\"elementor-element elementor-element-6dd639a3 elementor-widget elementor-widget-text-editor\" data-id=\"6dd639a3\" data-element_type=\"widget\" data-widget_type=\"text-editor.default\">\n\t\t\t\t<div class=\"elementor-widget-container\">\n\t\t\t\t\t\t\t\t\t<p><\/p>\n<p>Politikom privatnosti na internetu Furrier Group d.o.o., OIB: 74524135333, Kapelska ulica 71<span style=\"font-size: 16px; text-align: var(--text-align);\">\u00a0iz Osijeka \u0161titi privatnost svojih klijenata i iskazuje brigu za njihove osobne podatke tragom Op\u0107e EU uredbe o za\u0161titi podatka 2016\/679\/EZ (u daljnjem tekstu: Uredba) i Zakona o provo\u0111enju Op\u0107e uredbe o za\u0161titi podataka NN 42\/2018. Politikom privatnosti na internetu Furrier Group transparentno i javno objavljuje na\u010dine na koje obrade osobnih podataka provodi isklju\u010divo prema na\u010delima Uredbe. Na\u0161e temeljno na\u010delo je privatnost korisnika i za\u0161tita osobnih podataka, a s ciljem za\u0161tite Va\u0161e privatnosti, dr\u017eimo se sljede\u0107ih na\u010dela:<\/span><\/p>\n<p><\/p>\n<ul class=\"wp-block-list\">\n<li style=\"list-style-type: none;\">\n<ul><\/ul>\n<\/li>\n<\/ul>\n<ul>\n<li style=\"list-style-type: none;\">\n<ul>\n<li>Ne prikupljamo vi\u0161e informacija nego \u0161to je potrebno,<\/li>\n<\/ul>\n<\/li>\n<\/ul>\n<p><\/p>\n<ul>\n<li style=\"list-style-type: none;\">\n<ul>\n<li>Va\u0161e podatke ne koristimo u svrhe koje nisu navedene,<\/li>\n<\/ul>\n<\/li>\n<\/ul>\n<p><\/p>\n<ul>\n<li style=\"list-style-type: none;\">\n<ul>\n<li>Ne \u010duvamo va\u0161e podatke ako vi\u0161e nije potrebno ili s valjanim pravnim temeljem,<\/li>\n<\/ul>\n<\/li>\n<\/ul>\n<p><\/p>\n<ul>\n<li style=\"list-style-type: none;\">\n<ul>\n<li>Nikada ne prodajemo, posu\u0111ujemo ili distribuiramo niti javno objavljujemo va\u0161e osobne podatke,<\/li>\n<\/ul>\n<\/li>\n<\/ul>\n<p><\/p>\n<ul>\n<li style=\"list-style-type: none;\">\n<ul>\n<li>Pristup va\u0161im podacima ne dajemo tre\u0107im stranama bez va\u0161eg znanja,<\/li>\n<\/ul>\n<\/li>\n<\/ul>\n<p><\/p>\n<ul>\n<li style=\"list-style-type: none;\">\n<ul>\n<li>Ne koristimo automatizirane tehnike obrade osobnih podataka koje se sastoje od izrade va\u0161eg profila ili radi analize ili predvi\u0111anja va\u0161ih osobnih sklonosti i pona\u0161anja,<\/li>\n<\/ul>\n<\/li>\n<\/ul>\n<p><\/p>\n<ul>\n<li style=\"list-style-type: none;\">\n<ul>\n<li>Va\u0161e osobne podatke ne prenosimo izvan EU,<\/li>\n<\/ul>\n<\/li>\n<\/ul>\n<p><\/p>\n<ul>\n<li style=\"list-style-type: none;\">\n<ul>\n<li>Va\u0161e podatke ne koristimo u svrhe koje nisu navedene,<\/li>\n<\/ul>\n<\/li>\n<\/ul>\n<p><\/p>\n<ul>\n<li style=\"list-style-type: none;\">\n<ul>\n<li>Osiguravamo da su va\u0161i osobni podaci sigurno pohranjeni.<\/li>\n<\/ul>\n<\/li>\n<\/ul>\n<p><\/p>\n<p><\/p>\n<p>Va\u017eno je pro\u010ditati na\u0161u Politiku privatnosti na internetu i nadamo se da \u0107ete izdvojiti vrijeme i Va\u0161u pozornost. Trudili smo se da bude napisana \u0161to jasnije i da bude svakom razumljiva, sa \u017eeljom da zadr\u017eimo Va\u0161e puno povjerenje u na\u010din kako postupamo s Va\u0161im osobnim podacima.<\/p>\n<p><\/p>\n<h3 class=\"wp-block-heading\">\u00a0<\/h3>\n<h3><strong>Va\u0161e osobne podatke prikupljamo, izme\u0111u ostalog, u slijede\u0107im slu\u010dajevima:<\/strong><\/h3>\n<p><\/p>\n<ul class=\"wp-block-list\">\n<li style=\"list-style-type: none;\">\n<ul><\/ul>\n<\/li>\n<\/ul>\n<ul>\n<li style=\"list-style-type: none;\">\n<ul>\n<li>ako nas izravno kontaktirate putem na\u0161e internetske stranice kako biste zatra\u017eili informacije i upite putem na\u0161e kontakt forme<\/li>\n<\/ul>\n<\/li>\n<\/ul>\n<p><\/p>\n<ul>\n<li style=\"list-style-type: none;\">\n<ul>\n<li>ako odgovorite na na\u0161e izravne marketin\u0161ke kampanje, na primjer ispunjavanjem kontakt forme za unos podataka na na\u0161oj internetskoj stranici<\/li>\n<\/ul>\n<\/li>\n<\/ul>\n<p><\/p>\n<ul>\n<li style=\"list-style-type: none;\">\n<ul>\n<li>ako se prijavljujete na na\u0161a doga\u0111anja ispunjavanjem kontakt prijavnice<\/li>\n<\/ul>\n<\/li>\n<\/ul>\n<p><\/p>\n<ul>\n<li style=\"list-style-type: none;\">\n<ul>\n<li>ako nam na\u0161i partneri dostave va\u0161e podatke na dozvoljen na\u010din<\/li>\n<\/ul>\n<\/li>\n<\/ul>\n<p><\/p>\n<p><\/p>\n<p>Informacije koje prikupljamo mogu uklju\u010divati: va\u0161e ime i prezime, adresu, e-mail, broj telefona i\/ili faksa, osobni identifikacijski broj, organizacija ili institucija u kojoj radite ili koju zastupate te ostale podatke koje razmijenite s nama, a \u017eelite da ostanu tajni.<\/p>\n<p><\/p>\n<h3 class=\"wp-block-heading\">\u00a0<\/h3>\n<h3><strong>Kako se Va\u0161i podaci mogu koristiti<\/strong><\/h3>\n<p><\/p>\n<ul class=\"wp-block-list\">\n<li style=\"list-style-type: none;\">\n<ul><\/ul>\n<\/li>\n<\/ul>\n<ul>\n<li style=\"list-style-type: none;\">\n<ul>\n<li>Kori\u0161tenje osobnih podataka u skladu s propisima o za\u0161titi osobnih podataka mora biti opravdano temeljem jedne od pravnih osnova. Opravdane osnove za obradu podataka su, izme\u0111u ostalog, legitimni interes, ugovorna obveza, zakonska osnova i suglasnost. Obradu na temelju legitimnog interesa koristimo za promoviranjem i pru\u017eanjem informacija o svojim uslugama, u svrhu odr\u017eavanja najvi\u0161ih standarda prodaje usluga iz svoje ponude. Temeljna prava i slobode postoje\u0107ih i potencijalnih korisnika odmjerena su u odnosu na na\u0161 interes da obra\u0111ujemo podatke u navedenu svrhu.<\/li>\n<\/ul>\n<\/li>\n<\/ul>\n<p><\/p>\n<ul>\n<li style=\"list-style-type: none;\">\n<ul>\n<li>Osobni podaci mogu se prenositi tre\u0107im stranama pod uvjetom da postoji opravdana osnova za prijenos, kao \u0161to je ispunjenje usluge ili izvr\u0161enje ugovorne ili zakonske obveze.<\/li>\n<\/ul>\n<\/li>\n<\/ul>\n<p><\/p>\n<ul>\n<li style=\"list-style-type: none;\">\n<ul>\n<li>Koristimo direktni marketing temeljem Va\u0161ih osobnih podataka kako bi Vas informirali o novostima i promocijama u na\u0161oj ponudi, o posebnim pogodnostima za kupnju, o prezentacijama novih proizvoda, kao i na\u0161im nastupima na sajmovima, konferencijama te ostalim doga\u0111anjima isklju\u010divo uz Va\u0161u suglasnost.<\/li>\n<\/ul>\n<\/li>\n<\/ul>\n<p><\/p>\n<ul>\n<li style=\"list-style-type: none;\">\n<ul>\n<li>Suglasnost za direktni marketing mo\u017ee se u bilo kojem trenutku povu\u0107i. Svaka osoba tako\u0111er mo\u017ee bilo kada dati prigovor na obradu podataka u gore navedenu svrhu.<\/li>\n<\/ul>\n<\/li>\n<\/ul>\n<p><\/p>\n<ul>\n<li style=\"list-style-type: none;\">\n<ul>\n<li>Podlije\u017eemo zakonima Republike Hrvatske, kao i nadnacionalnim propisima, i du\u017eni smo ih se pridr\u017eavati, uklju\u010duju\u0107i pru\u017eanje va\u0161ih podataka tijelima za provedbu zakona, regulatornim i sudskim tijelima te tre\u0107im parni\u010dnim stranama vezano uz postupke ili istrage bilo gdje u svijetu gdje je to zahtijevano. Tamo gdje je to dopu\u0161teno, izravno \u0107emo vam uputiti takav zahtjev ili vas obavijestiti prije odgovora, osim ako bi to moglo utjecati na sprje\u010davanje ili otkrivanje zlo\u010dina.<\/li>\n<\/ul>\n<\/li>\n<\/ul>\n<p><\/p>\n<ul>\n<li style=\"list-style-type: none;\">\n<ul>\n<li>Pru\u017eanje osobnih podataka u svrhu sukladnosti s obvezuju\u0107im zahtjevima za Va\u0161im podacima predstavlja zakonsku obvezu koja ovisi o konkretnom zahtjevu.<\/li>\n<\/ul>\n<\/li>\n<\/ul>\n<p><\/p>\n<p><\/p>\n<p>Koristimo razne sigurnosne mjere, uklju\u010duju\u0107i enkripciju i autentifikaciju, kako bismo za\u0161titili i odr\u017eali sigurnost, integritet i dostupnost va\u0161ih podataka.<\/p>\n<p><\/p>\n<h3 class=\"wp-block-heading\">\u00a0<\/h3>\n<h3>Va\u0161a privatnost<\/h3>\n<p><\/p>\n<p>Svi va\u0161i podaci pohranjuju se na na\u0161im sigurnim poslu\u017eiteljima i sigurnim poslu\u017eiteljima na\u0161ih partnera te im se pristupa i koristi u skladu s na\u0161im pravilima i standardima sigurnosti. Za\u0161tita privatnosti va\u0161ih podataka je trajna te poduzimamo sve mjere potrebne za njihovu za\u0161titu. Osobne podatke obra\u0111ujemo na siguran na\u010din, uklju\u010duju\u0107i za\u0161titu od neovla\u0161tene ili nezakonite obrade te od gubitka.<\/p>\n<p><\/p>\n<p>Ispunjenjem kontakt forme, Korisnik daje zasebnu suglasnost (privolu) za obradu njegovih osobnih podataka navedenih u ispunjenoj formi u odre\u0111enu svrhu\/e.<\/p>\n<p><\/p>\n<p>Obvezujemo se \u010duvati privatnost osobnih podataka svih Korisnika te \u0107emo s istima postupati u skladu s Uredbom te drugim va\u017ee\u0107im nacionalnim primjenjivim propisima. Prikupljene osobne podatke registriranih korisnika i posjetitelja web stranice, ne smijemo i ne\u0107emo neovla\u0161teno upotrebljavati niti u\u010diniti dostupnim tre\u0107im osobama, osim u slu\u010dajevima kada to poseban zakon dozvoljava, ukoliko to \u010dini na\u0161u zakonsku obvezu ili je pak potrebno u svrhu realizacije ugovornih obveza.<\/p>\n<p><\/p>\n<h3 class=\"wp-block-heading\">\u00a0<\/h3>\n<h3>\u010cuvanje i za\u0161tita podataka<\/h3>\n<p><\/p>\n<p>Osobni podaci bit \u0107e pohranjeni i obra\u0111ivani sukladno zahtjevima Uredbe. Furrier Group kontinuirano poduzima sve razumne tehni\u010dke i organizacijske mjere za o\u010duvanje sigurnosti Va\u0161ih osobnih podataka te isto zahtijevamo i od svih vanjskih izvr\u0161itelja. Pristup Va\u0161im osobnim podacima je ograni\u010den kako bi se sprije\u010dio neovla\u0161teni pristup, izmjena ili zlouporaba.<\/p>\n<p><\/p>\n<p>Svi Va\u0161i podaci strogo se \u010duvaju i dostupni su samo djelatnicima kojima su ti podaci nu\u017eni za obavljanje posla. Svi na\u0161i djelatnici i poslovni partneri odgovorni su za po\u0161tivanje na\u010dela za\u0161tite privatnosti. Obavezujemo se pru\u017eati za\u0161titu Va\u0161ih osobnih podataka na na\u010din da prikupljamo samo osnovne podatke o korisnicima i eventualnim kupcima koji su nu\u017eni za ispunjenje obveza, odnosno izvr\u0161enje ugovora. Podatke koji se pristupom na internetsku stranicu automatski bilje\u017ee (IP adresa, ime domene, vrste pretra\u017eiva\u010da, broj posjeta, vrijeme provedeno na stranicama i sl.) koristit \u0107emo isklju\u010divo radi ocjene posje\u0107enosti internetske stranice i radi pobolj\u0161anja njezina sadr\u017eaja i funkcionalnosti, odnosno u statisti\u010dke i sigurnosne svrhe.<\/p>\n<p><\/p>\n<p>Tako\u0111er, informiramo Korisnike o na\u010dinu kori\u0161tenja prikupljenih podataka te ih koristimo za marketin\u0161ke kampanje isklju\u010divo po posebno pribavljenoj privoli. U slu\u010daju promjene bilo kojeg od osobnih podataka (npr. mjesto stanovanja, adresa dostave) koji se evidentiraju prilikom eventualne registracije, Korisnik je du\u017ean promjenu izvr\u0161iti i u korisni\u010dkim podacima.<\/p>\n<p><\/p>\n<p>Rok \u010duvanja podataka Korisnika traje 5 (slovima: pet) godina od dana zavr\u0161etka poslovnog odnosa ili do primitka zahtjeva za brisanje od strane pojedinca na koga se osobni podaci odnose, nakon \u010dega se osobni podaci bri\u0161u. Osobne podatke \u010duvamo dulje od navedenog roka samo ako je to obvezuju\u0107e va\u017ee\u0107im propisima u RH ili nadnacionalnim zakonodavstvom.<\/p>\n<p><\/p>\n<h3 class=\"wp-block-heading\">\u00a0<\/h3>\n<h3>Va\u0161a prava<\/h3>\n<p><\/p>\n<p>Osiguravamo Vam uvjete kako biste sami odlu\u010divali o obradi va\u0161ih osobnih podataka te pru\u017eamo mogu\u0107nost u\u017eivanja svih prava ispitanika koje donosi Uredba:<\/p>\n<p><\/p>\n<ul class=\"wp-block-list\">\n<li style=\"list-style-type: none;\">\n<ul><\/ul>\n<\/li>\n<\/ul>\n<ul>\n<li style=\"list-style-type: none;\">\n<ul>\n<li>Pravo na pristup podacima \u2013 imate pravo zatra\u017eiti potvrdu o tome obra\u0111ujemo li va\u0161e osobne podatke te ako da, dobiti pristup do tih podataka. U slu\u010daju da obra\u0111ujemo ve\u0107u koli\u010dinu podataka koji se odnose na vas, mo\u017eemo od vas tra\u017eiti specifikaciju va\u0161eg zahtjeva za dostavu pojedinih konkretnih skupina podataka koje o vama obra\u0111ujemo.<\/li>\n<\/ul>\n<\/li>\n<\/ul>\n<p><\/p>\n<ul>\n<li style=\"list-style-type: none;\">\n<ul>\n<li>Pravo na ispravak \u2013 u slu\u010daju da uo\u010dite da o vama obra\u0111ujemo neto\u010dne ili nepotpune podatke ili ih \u017eelite izmijeniti, imate pravo tra\u017eiti ispravak istih odnosno nadopunu nepotpunih osobnih podataka. Kako bismo osigurali da o Vama uvijek obra\u0111ujemo samo to\u010dne osobne podatke potrebno je da nam bez odga\u0111anja javite sve njihove promjene.<\/li>\n<\/ul>\n<\/li>\n<\/ul>\n<p><\/p>\n<ul>\n<li style=\"list-style-type: none;\">\n<ul>\n<li>Pravo na brisanje (\u201epravo na zaborav\u201d) \u2013 brisanje osobnih podataka mo\u017ee se tra\u017eiti primjerice ako \u017eelite prekinuti obradu pojedinih va\u0161ih osobnih podataka, kada smatrate da se va\u0161i osobni podaci nezakonito obra\u0111uju ili kada smatrate da va\u0161i podaci vi\u0161e nisu nu\u017eni u odnosu na svrhe za koje su prikupljeni ili na bilo koji na\u010din obra\u0111eni. Me\u0111utim, molimo vas da uva\u017eite da va\u0161e podatke ne\u0107emo mo\u0107i izbrisati ako su oni potrebni radi ispunjenja zakonskih obveza, ugovornih obveza i drugih pravnih temelja iz Op\u0107e uredbe o za\u0161titi podataka.<\/li>\n<\/ul>\n<\/li>\n<\/ul>\n<p><\/p>\n<ul>\n<li style=\"list-style-type: none;\">\n<ul>\n<li>Pravo na ograni\u010denje obrade \u2013 imate pravo ishoditi ograni\u010denje obrade va\u0161ih osobnih podataka, koje se mo\u017ee tra\u017eiti primjerice ako ste podnijeli prigovor na obradu podataka, sumnjate u to\u010dnost osobnih podataka koji se obra\u0111uju ili u zakonitost njihove obrade, no ne \u017eelite da se ti podaci izbri\u0161u ili su vam jo\u0161 potrebni radi ostvarenja pravnih zahtjeva.<\/li>\n<\/ul>\n<\/li>\n<\/ul>\n<p><\/p>\n<ul>\n<li style=\"list-style-type: none;\">\n<ul>\n<li>Pravo na prenosivost podataka \u2013 ako se obrada temelji na va\u0161oj privoli ili se vr\u0161i u svrhu izvr\u0161enja ugovora sklopljenog s vama, a istodobno se izvodi automatiziranim sredstvima, imate pravo zaprimiti svoje osobne podatke koje smo od vas dobili. Ako zatra\u017eite, va\u0161e \u0107emo osobne podatke prenijeti izravno drugom voditelju obrade, ako to bude tehni\u010dki izvedivo.<\/li>\n<\/ul>\n<\/li>\n<\/ul>\n<p><\/p>\n<ul>\n<li style=\"list-style-type: none;\">\n<ul>\n<li>Pravo na prigovor \u2013 u svakom ste trenutku, s obzirom na va\u0161u posebnu situaciju, ovla\u0161teni ulo\u017eiti prigovor na obradu osobnih podataka koji se odnose na vas, uslijed \u010dega \u0107emo ograni\u010diti njihovu obradu. Tako\u0111er, navedene \u0107emo podatke izbrisati i prestati obra\u0111ivati, osim ako doka\u017eemo da za obradu postoje obrazlo\u017eeni i opravdani pravni temelji za njihovo zadr\u017eavanje. Osim toga, u bilo kojem trenutku imate pravo prigovoriti protiv obrade va\u0161ih osobnih podataka u svrhu izravnog marketinga. Nakon podno\u0161enja prigovora Va\u0161i \u0107e se osobni podaci prestati obra\u0111ivati u navedenu svrhu.<\/li>\n<\/ul>\n<\/li>\n<\/ul>\n<p><\/p>\n<p><\/p>\n<h3 class=\"wp-block-heading\">\u00a0<\/h3>\n<h3>Kontakt<\/h3>\n<p><\/p>\n<p>Za slu\u010daj da vi\u0161e ne \u017eelite da na bilo koji na\u010din obra\u0111ujemo Va\u0161e podatke, zahtijevate brisanje, ispravak ili prijenos Va\u0161ih podataka, o tome nas obavijestite, i to putem poruke na e-mail adresu\u00a0<a href=\"mailto:info@bimss.hr\">info@furrier-group.hr<\/a> ili na na\u0161 kontakt broj <a href=\"tel:+385953983135\">+385 95 398 3135<\/a>.<\/p>\n<p><\/p>\t\t\t\t\t\t\t\t<\/div>\n\t\t\t\t<\/div>\n\t\t\t\t\t<\/div>\n\t\t\t\t<\/div>\n\t\t\t\t<\/div>\n\t\t","protected":false},"excerpt":{"rendered":"<p>Politikom privatnosti na internetu Furrier Group d.o.o., OIB: 74524135333, Kapelska ulica 71\u00a0iz Osijeka \u0161titi privatnost svojih klijenata i iskazuje brigu za njihove osobne podatke tragom Op\u0107e EU &#8230;<\/p>\n","protected":false},"author":1,"featured_media":0,"parent":0,"menu_order":0,"comment_status":"closed","ping_status":"closed","template":"","meta":{"footnotes":""},"class_list":["post-3","page","type-page","status-publish","hentry"],"yoast_head":"<!-- This site is optimized with the Yoast SEO plugin v26.3 - https:\/\/yoast.com\/wordpress\/plugins\/seo\/ -->\n<title>Politika privatnosti - Furrier Group<\/title>\n<meta name=\"robots\" content=\"index, follow, max-snippet:-1, max-image-preview:large, max-video-preview:-1\" \/>\n<link rel=\"canonical\" href=\"https:\/\/furrier-group.hr\/index.php\/politika-privatnosti\/\" \/>\n<meta property=\"og:locale\" content=\"hr_HR\" \/>\n<meta property=\"og:type\" content=\"article\" \/>\n<meta property=\"og:title\" content=\"Politika privatnosti - Furrier Group\" \/>\n<meta property=\"og:description\" content=\"Politikom privatnosti na internetu Furrier Group d.o.o., OIB: 74524135333, Kapelska ulica 71\u00a0iz Osijeka \u0161titi privatnost svojih klijenata i iskazuje brigu za njihove osobne podatke tragom Op\u0107e EU ...\" \/>\n<meta property=\"og:url\" content=\"https:\/\/furrier-group.hr\/index.php\/politika-privatnosti\/\" \/>\n<meta property=\"og:site_name\" content=\"Furrier Group\" \/>\n<meta property=\"article:modified_time\" content=\"2025-02-15T00:42:10+00:00\" \/>\n<meta name=\"twitter:card\" content=\"summary_large_image\" \/>\n<meta name=\"twitter:label1\" content=\"Procijenjeno vrijeme \u010ditanja\" \/>\n\t<meta name=\"twitter:data1\" content=\"9 minuta\" \/>\n<script type=\"application\/ld+json\" class=\"yoast-schema-graph\">{\"@context\":\"https:\/\/schema.org\",\"@graph\":[{\"@type\":\"WebPage\",\"@id\":\"https:\/\/furrier-group.hr\/index.php\/politika-privatnosti\/\",\"url\":\"https:\/\/furrier-group.hr\/index.php\/politika-privatnosti\/\",\"name\":\"Politika privatnosti - Furrier Group\",\"isPartOf\":{\"@id\":\"https:\/\/furrier-group.hr\/#website\"},\"datePublished\":\"2022-03-22T22:31:21+00:00\",\"dateModified\":\"2025-02-15T00:42:10+00:00\",\"breadcrumb\":{\"@id\":\"https:\/\/furrier-group.hr\/index.php\/politika-privatnosti\/#breadcrumb\"},\"inLanguage\":\"hr\",\"potentialAction\":[{\"@type\":\"ReadAction\",\"target\":[\"https:\/\/furrier-group.hr\/index.php\/politika-privatnosti\/\"]}]},{\"@type\":\"BreadcrumbList\",\"@id\":\"https:\/\/furrier-group.hr\/index.php\/politika-privatnosti\/#breadcrumb\",\"itemListElement\":[{\"@type\":\"ListItem\",\"position\":1,\"name\":\"Home\",\"item\":\"https:\/\/furrier-group.hr\/\"},{\"@type\":\"ListItem\",\"position\":2,\"name\":\"Politika privatnosti\"}]},{\"@type\":\"WebSite\",\"@id\":\"https:\/\/furrier-group.hr\/#website\",\"url\":\"https:\/\/furrier-group.hr\/\",\"name\":\"Furrier Group\",\"description\":\"\",\"potentialAction\":[{\"@type\":\"SearchAction\",\"target\":{\"@type\":\"EntryPoint\",\"urlTemplate\":\"https:\/\/furrier-group.hr\/?s={search_term_string}\"},\"query-input\":{\"@type\":\"PropertyValueSpecification\",\"valueRequired\":true,\"valueName\":\"search_term_string\"}}],\"inLanguage\":\"hr\"}]}<\/script>\n<!-- \/ Yoast SEO plugin. -->","yoast_head_json":{"title":"Politika privatnosti - Furrier Group","robots":{"index":"index","follow":"follow","max-snippet":"max-snippet:-1","max-image-preview":"max-image-preview:large","max-video-preview":"max-video-preview:-1"},"canonical":"https:\/\/furrier-group.hr\/index.php\/politika-privatnosti\/","og_locale":"hr_HR","og_type":"article","og_title":"Politika privatnosti - Furrier Group","og_description":"Politikom privatnosti na internetu Furrier Group d.o.o., OIB: 74524135333, Kapelska ulica 71\u00a0iz Osijeka \u0161titi privatnost svojih klijenata i iskazuje brigu za njihove osobne podatke tragom Op\u0107e EU ...","og_url":"https:\/\/furrier-group.hr\/index.php\/politika-privatnosti\/","og_site_name":"Furrier Group","article_modified_time":"2025-02-15T00:42:10+00:00","twitter_card":"summary_large_image","twitter_misc":{"Procijenjeno vrijeme \u010ditanja":"9 minuta"},"schema":{"@context":"https:\/\/schema.org","@graph":[{"@type":"WebPage","@id":"https:\/\/furrier-group.hr\/index.php\/politika-privatnosti\/","url":"https:\/\/furrier-group.hr\/index.php\/politika-privatnosti\/","name":"Politika privatnosti - Furrier Group","isPartOf":{"@id":"https:\/\/furrier-group.hr\/#website"},"datePublished":"2022-03-22T22:31:21+00:00","dateModified":"2025-02-15T00:42:10+00:00","breadcrumb":{"@id":"https:\/\/furrier-group.hr\/index.php\/politika-privatnosti\/#breadcrumb"},"inLanguage":"hr","potentialAction":[{"@type":"ReadAction","target":["https:\/\/furrier-group.hr\/index.php\/politika-privatnosti\/"]}]},{"@type":"BreadcrumbList","@id":"https:\/\/furrier-group.hr\/index.php\/politika-privatnosti\/#breadcrumb","itemListElement":[{"@type":"ListItem","position":1,"name":"Home","item":"https:\/\/furrier-group.hr\/"},{"@type":"ListItem","position":2,"name":"Politika privatnosti"}]},{"@type":"WebSite","@id":"https:\/\/furrier-group.hr\/#website","url":"https:\/\/furrier-group.hr\/","name":"Furrier Group","description":"","potentialAction":[{"@type":"SearchAction","target":{"@type":"EntryPoint","urlTemplate":"https:\/\/furrier-group.hr\/?s={search_term_string}"},"query-input":{"@type":"PropertyValueSpecification","valueRequired":true,"valueName":"search_term_string"}}],"inLanguage":"hr"}]}},"_links":{"self":[{"href":"https:\/\/furrier-group.hr\/index.php\/wp-json\/wp\/v2\/pages\/3","targetHints":{"allow":["GET"]}}],"collection":[{"href":"https:\/\/furrier-group.hr\/index.php\/wp-json\/wp\/v2\/pages"}],"about":[{"href":"https:\/\/furrier-group.hr\/index.php\/wp-json\/wp\/v2\/types\/page"}],"author":[{"embeddable":true,"href":"https:\/\/furrier-group.hr\/index.php\/wp-json\/wp\/v2\/users\/1"}],"replies":[{"embeddable":true,"href":"https:\/\/furrier-group.hr\/index.php\/wp-json\/wp\/v2\/comments?post=3"}],"version-history":[{"count":5,"href":"https:\/\/furrier-group.hr\/index.php\/wp-json\/wp\/v2\/pages\/3\/revisions"}],"predecessor-version":[{"id":1313,"href":"https:\/\/furrier-group.hr\/index.php\/wp-json\/wp\/v2\/pages\/3\/revisions\/1313"}],"wp:attachment":[{"href":"https:\/\/furrier-group.hr\/index.php\/wp-json\/wp\/v2\/media?parent=3"}],"curies":[{"name":"wp","href":"https:\/\/api.w.org\/{rel}","templated":true}]}}