{"id":1315,"date":"2025-02-15T17:42:39","date_gmt":"2025-02-15T17:42:39","guid":{"rendered":"https:\/\/furrier-group.hr\/?page_id=1315"},"modified":"2025-02-15T18:01:44","modified_gmt":"2025-02-15T18:01:44","slug":"uvjeti-koristenja","status":"publish","type":"page","link":"https:\/\/furrier-group.hr\/index.php\/uvjeti-koristenja\/","title":{"rendered":"Uvjeti kori\u0161tenja"},"content":{"rendered":"\t\t<div data-elementor-type=\"wp-page\" data-elementor-id=\"1315\" class=\"elementor elementor-1315\">\n\t\t\t\t<div class=\"elementor-element elementor-element-661edd5c e-flex e-con-boxed e-con e-parent\" data-id=\"661edd5c\" data-element_type=\"container\">\n\t\t\t\t\t<div class=\"e-con-inner\">\n\t\t\t\t<div class=\"elementor-element elementor-element-6dd639a3 elementor-widget elementor-widget-text-editor\" data-id=\"6dd639a3\" data-element_type=\"widget\" data-widget_type=\"text-editor.default\">\n\t\t\t\t<div class=\"elementor-widget-container\">\n\t\t\t\t\t\t\t\t\t<p>Na pristup i kori\u0161tenje internet stranice od Furrier Group d.o.o. (dalje u tekstu: dru\u0161tvo), Kapelska ulica 71 u Osijeku\u00a0 primjenjuju se ovi Uvjeti kori\u0161tenja te svi va\u017ee\u0107i zakoni i drugi pravni propisi.<\/p>\n<p>Pristupom ovoj stranici smatra se da ste ove Uvjete kori\u0161tenja pro\u010ditali, razumjeli te da ih u cijelosti prihva\u0107ate. Ukoliko ne pristajete na primjenu Uvjeta kori\u0161tenja, molimo Vas da se suzdr\u017eite od pristupa Internet stranicima. Sve informacije dostupne na Internet stranicama isklju\u010divo su informativnog karaktera te se mogu koristiti samo u osobne svrhe. Zabranjeno je kori\u0161tenje i\/ili prikazivanje ovih Internet stranica odnosno njihovog sadr\u017eaja, u cijelosti ili djelomi\u010dno, u bilo kakve javne odnosno komercijalne svrhe bez prethodnog izri\u010ditog pisanog odobrenja dru\u0161tva Furrier Group.<\/p>\n<p>Internet stranice i njihov cjelokupni sadr\u017eaj, uklju\u010duju\u0107i bez ograni\u010denja tekstove, fotografije, crte\u017ee, audio i video materijale, \u017eigove, dizajn, znakove, za\u0161ti\u0107eni su autorskim pravom i drugim pravima intelektualnog vlasni\u0161tva te su u isklju\u010divom vlasni\u0161tvu dru\u0161tva Furrier Group. Kori\u0161tenje i ispisivanje tih sadr\u017eaja dopu\u0161teno je isklju\u010divo u svrhu informiranja i osobne, nekomercijalne svrhe. Nije dopu\u0161teno reproduciranje, kopiranje, distribuiranje, preinaka, preno\u0161enje, objavljivanje ili revidiranje sadr\u017eaja ovih stranica bez pisanog dopu\u0161tenja dru\u0161tva. Kori\u0161tenjem ili pristupom ovoj stranici ne stje\u010dete, izri\u010dito ili pre\u0161utno, nikakvu licencu ili pravo kori\u0161tenja stranice odnosno bilo kojeg njenog sadr\u017eaja ili dijela sadr\u017eaja odnosno bilo kojeg drugog prava koje pripada dru\u0161tvu i\/ili tre\u0107oj osobi.<\/p>\n<p>Furrier Group ne izjavljuje niti jam\u010di, izri\u010dito niti pre\u0161utno, da je sadr\u017eaj internetske stranice i\/ili povezanih stranica potpun ili a\u017euriran, da \u0107e internetska stranica i\/ili povezane stranice uvijek biti dostupne i raspolo\u017eive te da ne\u0107e sadr\u017eavati pogre\u0161ke, viruse, crve i druge ra\u010dunalne programe koji bi mogli prouzro\u010diti \u0161tetu korisnicima. Svaki korisnik izri\u010dito prihva\u0107a kori\u0161tenje ove internetske stranice na svoju vlastitu odgovornost te sam snosi sve eventualne tro\u0161kove vezane uz odr\u017eavanje ili popravak ra\u010dunalne opreme.<\/p>\n<p>Furrier Group ni u kom slu\u010daju nije odgovoran za bilo kakvu \u0161tetu nastalu upotrebom Internet stranica, uklju\u010duju\u0107i, bez ograni\u010denja, gubitak dobiti, prekid u radu, gubitak programa ili drugih podataka na va\u0161im sistemima za obradu podataka ili sli\u010dno, \u010dak i kad smo izrijekom obavije\u0161teni o takvim \u0161tetama. Bilo kakvo jamstvo dano na ovim stranicama odnosi se isklju\u010divo na proizvode ili usluge koje pru\u017ea dru\u0161tvo. Svi materijali i\/ili informacije i\/ili ideje i\/ili koncepti koje po\u0161aljete dru\u0161tvu ili u\u010dinite dostupnim putem Internet stranice nisu i ne\u0107e se smatrati poslovnom tajnom ili povjerljivim materijalima. Slanjem materijala putem Internet stranice dajete dru\u0161tvu neograni\u010denu licencu za kori\u0161tenje istih uklju\u010duju\u0107i umno\u017eavanje, prijenos, objavljivanje, izvo\u0111enje, izmjenu ili uporabu na bilo koji drugi na\u010din, bez obveze pla\u0107anja bilo kakve naknade. Na Internet stranicu te Uvjete kori\u0161tenja primjenjuje se se pravo Republike Hrvatske. Pristupom i kori\u0161tenjem Internet stranice suglasni ste da su u slu\u010daju spora nadle\u017eni hrvatski sudovi.<\/p>\n<p>Furrier Group pridr\u017eava pravo revidirati Uvjete kori\u0161tenja u bilo kojem trenutku, kao i ukinuti pristup Internet stranici bez prethodne obavijesti. Molimo vas da Uvjete kori\u0161tenja povremeno ponovno pro\u010ditate kako biste se upoznali s eventualnim promjenama, jer svako kori\u0161tenje stranica nakon izmjena Uvjeta kori\u0161tenja podrazumijeva da ste s izmjenama upoznati te da ih razumijete i u cijelosti prihva\u0107ate.<\/p>\n<p><!-- \/wp:paragraph --><\/p>\t\t\t\t\t\t\t\t<\/div>\n\t\t\t\t<\/div>\n\t\t\t\t\t<\/div>\n\t\t\t\t<\/div>\n\t\t\t\t<\/div>\n\t\t","protected":false},"excerpt":{"rendered":"<p>Na pristup i kori\u0161tenje internet stranice od Furrier Group d.o.o. (dalje u tekstu: dru\u0161tvo), Kapelska ulica 71 u Osijeku\u00a0 primjenjuju se ovi Uvjeti kori\u0161tenja te svi va\u017ee\u0107i &#8230;<\/p>\n","protected":false},"author":1,"featured_media":0,"parent":0,"menu_order":0,"comment_status":"closed","ping_status":"closed","template":"","meta":{"footnotes":""},"class_list":["post-1315","page","type-page","status-publish","hentry"],"yoast_head":"<!-- This site is optimized with the Yoast SEO plugin v26.3 - https:\/\/yoast.com\/wordpress\/plugins\/seo\/ -->\n<title>Uvjeti kori\u0161tenja - Furrier Group<\/title>\n<meta name=\"robots\" content=\"index, follow, max-snippet:-1, max-image-preview:large, max-video-preview:-1\" \/>\n<link rel=\"canonical\" href=\"https:\/\/furrier-group.hr\/index.php\/uvjeti-koristenja\/\" \/>\n<meta property=\"og:locale\" content=\"hr_HR\" \/>\n<meta property=\"og:type\" content=\"article\" \/>\n<meta property=\"og:title\" content=\"Uvjeti kori\u0161tenja - Furrier Group\" \/>\n<meta property=\"og:description\" content=\"Na pristup i kori\u0161tenje internet stranice od Furrier Group d.o.o. (dalje u tekstu: dru\u0161tvo), Kapelska ulica 71 u Osijeku\u00a0 primjenjuju se ovi Uvjeti kori\u0161tenja te svi va\u017ee\u0107i ...\" \/>\n<meta property=\"og:url\" content=\"https:\/\/furrier-group.hr\/index.php\/uvjeti-koristenja\/\" \/>\n<meta property=\"og:site_name\" content=\"Furrier Group\" \/>\n<meta property=\"article:modified_time\" content=\"2025-02-15T18:01:44+00:00\" \/>\n<meta name=\"twitter:card\" content=\"summary_large_image\" \/>\n<meta name=\"twitter:label1\" content=\"Procijenjeno vrijeme \u010ditanja\" \/>\n\t<meta name=\"twitter:data1\" content=\"3 minute\" \/>\n<script type=\"application\/ld+json\" class=\"yoast-schema-graph\">{\"@context\":\"https:\/\/schema.org\",\"@graph\":[{\"@type\":\"WebPage\",\"@id\":\"https:\/\/furrier-group.hr\/index.php\/uvjeti-koristenja\/\",\"url\":\"https:\/\/furrier-group.hr\/index.php\/uvjeti-koristenja\/\",\"name\":\"Uvjeti kori\u0161tenja - Furrier Group\",\"isPartOf\":{\"@id\":\"https:\/\/furrier-group.hr\/#website\"},\"datePublished\":\"2025-02-15T17:42:39+00:00\",\"dateModified\":\"2025-02-15T18:01:44+00:00\",\"breadcrumb\":{\"@id\":\"https:\/\/furrier-group.hr\/index.php\/uvjeti-koristenja\/#breadcrumb\"},\"inLanguage\":\"hr\",\"potentialAction\":[{\"@type\":\"ReadAction\",\"target\":[\"https:\/\/furrier-group.hr\/index.php\/uvjeti-koristenja\/\"]}]},{\"@type\":\"BreadcrumbList\",\"@id\":\"https:\/\/furrier-group.hr\/index.php\/uvjeti-koristenja\/#breadcrumb\",\"itemListElement\":[{\"@type\":\"ListItem\",\"position\":1,\"name\":\"Home\",\"item\":\"https:\/\/furrier-group.hr\/\"},{\"@type\":\"ListItem\",\"position\":2,\"name\":\"Uvjeti kori\u0161tenja\"}]},{\"@type\":\"WebSite\",\"@id\":\"https:\/\/furrier-group.hr\/#website\",\"url\":\"https:\/\/furrier-group.hr\/\",\"name\":\"Furrier Group\",\"description\":\"\",\"potentialAction\":[{\"@type\":\"SearchAction\",\"target\":{\"@type\":\"EntryPoint\",\"urlTemplate\":\"https:\/\/furrier-group.hr\/?s={search_term_string}\"},\"query-input\":{\"@type\":\"PropertyValueSpecification\",\"valueRequired\":true,\"valueName\":\"search_term_string\"}}],\"inLanguage\":\"hr\"}]}<\/script>\n<!-- \/ Yoast SEO plugin. -->","yoast_head_json":{"title":"Uvjeti kori\u0161tenja - Furrier Group","robots":{"index":"index","follow":"follow","max-snippet":"max-snippet:-1","max-image-preview":"max-image-preview:large","max-video-preview":"max-video-preview:-1"},"canonical":"https:\/\/furrier-group.hr\/index.php\/uvjeti-koristenja\/","og_locale":"hr_HR","og_type":"article","og_title":"Uvjeti kori\u0161tenja - Furrier Group","og_description":"Na pristup i kori\u0161tenje internet stranice od Furrier Group d.o.o. (dalje u tekstu: dru\u0161tvo), Kapelska ulica 71 u Osijeku\u00a0 primjenjuju se ovi Uvjeti kori\u0161tenja te svi va\u017ee\u0107i ...","og_url":"https:\/\/furrier-group.hr\/index.php\/uvjeti-koristenja\/","og_site_name":"Furrier Group","article_modified_time":"2025-02-15T18:01:44+00:00","twitter_card":"summary_large_image","twitter_misc":{"Procijenjeno vrijeme \u010ditanja":"3 minute"},"schema":{"@context":"https:\/\/schema.org","@graph":[{"@type":"WebPage","@id":"https:\/\/furrier-group.hr\/index.php\/uvjeti-koristenja\/","url":"https:\/\/furrier-group.hr\/index.php\/uvjeti-koristenja\/","name":"Uvjeti kori\u0161tenja - Furrier Group","isPartOf":{"@id":"https:\/\/furrier-group.hr\/#website"},"datePublished":"2025-02-15T17:42:39+00:00","dateModified":"2025-02-15T18:01:44+00:00","breadcrumb":{"@id":"https:\/\/furrier-group.hr\/index.php\/uvjeti-koristenja\/#breadcrumb"},"inLanguage":"hr","potentialAction":[{"@type":"ReadAction","target":["https:\/\/furrier-group.hr\/index.php\/uvjeti-koristenja\/"]}]},{"@type":"BreadcrumbList","@id":"https:\/\/furrier-group.hr\/index.php\/uvjeti-koristenja\/#breadcrumb","itemListElement":[{"@type":"ListItem","position":1,"name":"Home","item":"https:\/\/furrier-group.hr\/"},{"@type":"ListItem","position":2,"name":"Uvjeti kori\u0161tenja"}]},{"@type":"WebSite","@id":"https:\/\/furrier-group.hr\/#website","url":"https:\/\/furrier-group.hr\/","name":"Furrier Group","description":"","potentialAction":[{"@type":"SearchAction","target":{"@type":"EntryPoint","urlTemplate":"https:\/\/furrier-group.hr\/?s={search_term_string}"},"query-input":{"@type":"PropertyValueSpecification","valueRequired":true,"valueName":"search_term_string"}}],"inLanguage":"hr"}]}},"_links":{"self":[{"href":"https:\/\/furrier-group.hr\/index.php\/wp-json\/wp\/v2\/pages\/1315","targetHints":{"allow":["GET"]}}],"collection":[{"href":"https:\/\/furrier-group.hr\/index.php\/wp-json\/wp\/v2\/pages"}],"about":[{"href":"https:\/\/furrier-group.hr\/index.php\/wp-json\/wp\/v2\/types\/page"}],"author":[{"embeddable":true,"href":"https:\/\/furrier-group.hr\/index.php\/wp-json\/wp\/v2\/users\/1"}],"replies":[{"embeddable":true,"href":"https:\/\/furrier-group.hr\/index.php\/wp-json\/wp\/v2\/comments?post=1315"}],"version-history":[{"count":3,"href":"https:\/\/furrier-group.hr\/index.php\/wp-json\/wp\/v2\/pages\/1315\/revisions"}],"predecessor-version":[{"id":1318,"href":"https:\/\/furrier-group.hr\/index.php\/wp-json\/wp\/v2\/pages\/1315\/revisions\/1318"}],"wp:attachment":[{"href":"https:\/\/furrier-group.hr\/index.php\/wp-json\/wp\/v2\/media?parent=1315"}],"curies":[{"name":"wp","href":"https:\/\/api.w.org\/{rel}","templated":true}]}}