{"id":116,"date":"2018-09-11T11:00:42","date_gmt":"2018-09-11T11:00:42","guid":{"rendered":"http:\/\/demo.cocobasic.com\/seppo-wp\/?page_id=116"},"modified":"2025-02-12T16:41:32","modified_gmt":"2025-02-12T16:41:32","slug":"kontakt","status":"publish","type":"page","link":"https:\/\/furrier-group.hr\/index.php\/kontakt\/","title":{"rendered":"Kontakt"},"content":{"rendered":"\t\t<div data-elementor-type=\"wp-post\" data-elementor-id=\"116\" class=\"elementor elementor-116\">\n\t\t\t\t\t\t<section class=\"elementor-section elementor-top-section elementor-element elementor-element-1c58bdca elementor-section-boxed elementor-section-height-default elementor-section-height-default\" data-id=\"1c58bdca\" data-element_type=\"section\">\n\t\t\t\t\t\t<div class=\"elementor-container elementor-column-gap-default\">\n\t\t\t\t\t<div class=\"elementor-column elementor-col-100 elementor-top-column elementor-element elementor-element-126369f3\" data-id=\"126369f3\" data-element_type=\"column\">\n\t\t\t<div class=\"elementor-widget-wrap elementor-element-populated\">\n\t\t\t\t\t\t<div class=\"elementor-element elementor-element-72d89f06 elementor-widget elementor-widget-text-editor\" data-id=\"72d89f06\" data-element_type=\"widget\" data-widget_type=\"text-editor.default\">\n\t\t\t\t<div class=\"elementor-widget-container\">\n\t\t\t\t\t\t\t\t\t<p>10<\/p>\t\t\t\t\t\t\t\t<\/div>\n\t\t\t\t<\/div>\n\t\t\t\t<div class=\"elementor-element elementor-element-3676e909 elementor-widget__width-auto elementor-widget elementor-widget-heading\" data-id=\"3676e909\" data-element_type=\"widget\" data-widget_type=\"heading.default\">\n\t\t\t\t<div class=\"elementor-widget-container\">\n\t\t\t\t\t<h2 class=\"elementor-heading-title elementor-size-default\">KONTAKT<\/h2>\t\t\t\t<\/div>\n\t\t\t\t<\/div>\n\t\t\t\t<div class=\"elementor-element elementor-element-8c293c9 elementor-widget elementor-widget-text-editor\" data-id=\"8c293c9\" data-element_type=\"widget\" data-widget_type=\"text-editor.default\">\n\t\t\t\t<div class=\"elementor-widget-container\">\n\t\t\t\t\t\t\t\t\t<p>OSTANIMO U KONTAKTU<\/p>\t\t\t\t\t\t\t\t<\/div>\n\t\t\t\t<\/div>\n\t\t\t\t\t<\/div>\n\t\t<\/div>\n\t\t\t\t\t<\/div>\n\t\t<\/section>\n\t\t\t\t<section class=\"elementor-section elementor-top-section elementor-element elementor-element-5e9f6e8c elementor-section-boxed elementor-section-height-default elementor-section-height-default\" data-id=\"5e9f6e8c\" data-element_type=\"section\">\n\t\t\t\t\t\t<div class=\"elementor-container elementor-column-gap-default\">\n\t\t\t\t\t<div class=\"elementor-column elementor-col-100 elementor-top-column elementor-element elementor-element-10d1790\" data-id=\"10d1790\" data-element_type=\"column\">\n\t\t\t<div class=\"elementor-widget-wrap elementor-element-populated\">\n\t\t\t\t\t\t<div class=\"elementor-element elementor-element-77b9d221 elementor-widget elementor-widget-spacer\" data-id=\"77b9d221\" data-element_type=\"widget\" data-widget_type=\"spacer.default\">\n\t\t\t\t<div class=\"elementor-widget-container\">\n\t\t\t\t\t\t\t<div class=\"elementor-spacer\">\n\t\t\t<div class=\"elementor-spacer-inner\"><\/div>\n\t\t<\/div>\n\t\t\t\t\t\t<\/div>\n\t\t\t\t<\/div>\n\t\t\t\t\t<\/div>\n\t\t<\/div>\n\t\t\t\t\t<\/div>\n\t\t<\/section>\n\t\t\t\t<section class=\"elementor-section elementor-top-section elementor-element elementor-element-41f30247 elementor-section-boxed elementor-section-height-default elementor-section-height-default\" data-id=\"41f30247\" data-element_type=\"section\">\n\t\t\t\t\t\t<div class=\"elementor-container elementor-column-gap-default\">\n\t\t\t\t\t<div class=\"elementor-column elementor-col-25 elementor-top-column elementor-element elementor-element-4f0c7a20\" data-id=\"4f0c7a20\" data-element_type=\"column\">\n\t\t\t<div class=\"elementor-widget-wrap elementor-element-populated\">\n\t\t\t\t\t\t<div class=\"elementor-element elementor-element-5032f150 elementor-widget elementor-widget-text-editor\" data-id=\"5032f150\" data-element_type=\"widget\" data-widget_type=\"text-editor.default\">\n\t\t\t\t<div class=\"elementor-widget-container\">\n\t\t\t\t\t\t\t\t\t<p>Ako imate bilo kakva pitanja ili komentare, slobodno koristite desni formular da nam po\u0161aljete poruku. Na\u0161 tim \u0107e vam odgovoriti u najkra\u0107em mogu\u0107em roku.<\/p>\t\t\t\t\t\t\t\t<\/div>\n\t\t\t\t<\/div>\n\t\t\t\t<div class=\"elementor-element elementor-element-66d3c40f elementor-widget elementor-widget-text-editor\" data-id=\"66d3c40f\" data-element_type=\"widget\" data-widget_type=\"text-editor.default\">\n\t\t\t\t<div class=\"elementor-widget-container\">\n\t\t\t\t\t\t\t\t\t<p><span style=\"color: #0f0f0f; font-family: S\u00f6hne, ui-sans-serif, system-ui, -apple-system, 'Segoe UI', Roboto, Ubuntu, Cantarell, 'Noto Sans', sans-serif, 'Helvetica Neue', Arial, 'Apple Color Emoji', 'Segoe UI Emoji', 'Segoe UI Symbol', 'Noto Color Emoji'; font-size: 16px; white-space-collapse: preserve;\">Hvala vam \u0161to ste izabrali Furrier Group. Radujemo se va\u0161em kontaktu!<\/span><\/p>\t\t\t\t\t\t\t\t<\/div>\n\t\t\t\t<\/div>\n\t\t\t\t\t<\/div>\n\t\t<\/div>\n\t\t\t\t<div class=\"elementor-column elementor-col-25 elementor-top-column elementor-element elementor-element-5ab70c87\" data-id=\"5ab70c87\" data-element_type=\"column\">\n\t\t\t<div class=\"elementor-widget-wrap elementor-element-populated\">\n\t\t\t\t\t\t<div class=\"elementor-element elementor-element-1f18f2e elementor-widget elementor-widget-text-editor\" data-id=\"1f18f2e\" data-element_type=\"widget\" data-widget_type=\"text-editor.default\">\n\t\t\t\t<div class=\"elementor-widget-container\">\n\t\t\t\t\t\t\t\t\t<p>ADRESA<br \/><a style=\"color: #b3b3b3;\" href=\"https:\/\/www.google.rs\/maps\/place\/New+York,+NY,+USA\/@40.6971494,-74.2598655,10z\/data=!3m1!4b1!4m5!3m4!1s0x89c24fa5d33f083b:0xc80b8f06e177fe62!8m2!3d40.7127753!4d-74.0059728\" target=\"_blank\" rel=\"noopener noreferrer\">Ul. Josipa Jurja Strossmayera 341<\/a><a style=\"color: #b3b3b3;\" href=\"https:\/\/www.google.rs\/maps\/place\/Josipa+Jurja+Strossmayera+341,+31000,+Osijek\/@45.5645683,18.6328095,17z\/data=!3m1!4b1!4m6!3m5!1s0x475ce72f8c243d75:0x978d68de88d1162b!8m2!3d45.5645646!4d18.6353844!16s%2Fg%2F11ldczv9ks?entry=ttu&amp;g_ep=EgoyMDI0MDgyMC4xIKXMDSoASAFQAw%3D%3D\" target=\"_blank\" rel=\"noopener noreferrer\">,\u00a0 \u00a031<\/a><a style=\"color: #b3b3b3;\" href=\"https:\/\/www.google.rs\/maps\/place\/Josipa+Jurja+Strossmayera+341,+31000,+Osijek\/@45.5645683,18.6328095,17z\/data=!3m1!4b1!4m6!3m5!1s0x475ce72f8c243d75:0x978d68de88d1162b!8m2!3d45.5645646!4d18.6353844!16s%2Fg%2F11ldczv9ks?entry=ttu&amp;g_ep=EgoyMDI0MDgyMC4xIKXMDSoASAFQAw%3D%3D\" target=\"_blank\" rel=\"noopener noreferrer\">000 Osijek, Hrvatska<\/a><\/p>\t\t\t\t\t\t\t\t<\/div>\n\t\t\t\t<\/div>\n\t\t\t\t<div class=\"elementor-element elementor-element-cd790d5 elementor-widget elementor-widget-text-editor\" data-id=\"cd790d5\" data-element_type=\"widget\" data-widget_type=\"text-editor.default\">\n\t\t\t\t<div class=\"elementor-widget-container\">\n\t\t\t\t\t\t\t\t\t<p>TELEFON<br \/><a style=\"color: #b3b3b3;\" href=\"tel:123456789\">+385.95.398.3135<\/a><\/p>\t\t\t\t\t\t\t\t<\/div>\n\t\t\t\t<\/div>\n\t\t\t\t<div class=\"elementor-element elementor-element-135a77f9 elementor-widget elementor-widget-text-editor\" data-id=\"135a77f9\" data-element_type=\"widget\" data-widget_type=\"text-editor.default\">\n\t\t\t\t<div class=\"elementor-widget-container\">\n\t\t\t\t\t\t\t\t\t<p>RADNO VRIJEME<br \/><span style=\"color: #b3b3b3;\">PON &#8211; PET: 09:00 &#8211; 17:00h<\/span><\/p>\t\t\t\t\t\t\t\t<\/div>\n\t\t\t\t<\/div>\n\t\t\t\t\t<\/div>\n\t\t<\/div>\n\t\t\t\t<div class=\"elementor-column elementor-col-50 elementor-top-column elementor-element elementor-element-37b19f6d\" data-id=\"37b19f6d\" data-element_type=\"column\">\n\t\t\t<div class=\"elementor-widget-wrap elementor-element-populated\">\n\t\t\t\t\t\t<div class=\"elementor-element elementor-element-1c13459c elementor-widget elementor-widget-shortcode\" data-id=\"1c13459c\" data-element_type=\"widget\" data-widget_type=\"shortcode.default\">\n\t\t\t\t<div class=\"elementor-widget-container\">\n\t\t\t\t\t\t\t<div class=\"elementor-shortcode\">\n<div class=\"wpcf7 no-js\" id=\"wpcf7-f31-o1\" lang=\"en-US\" dir=\"ltr\" data-wpcf7-id=\"31\">\n<div class=\"screen-reader-response\"><p role=\"status\" aria-live=\"polite\" aria-atomic=\"true\"><\/p> <ul><\/ul><\/div>\n<form action=\"\/index.php\/wp-json\/wp\/v2\/pages\/116#wpcf7-f31-o1\" method=\"post\" class=\"wpcf7-form init\" aria-label=\"Contact form\" novalidate=\"novalidate\" data-status=\"init\">\n<fieldset class=\"hidden-fields-container\"><input type=\"hidden\" name=\"_wpcf7\" value=\"31\" \/><input type=\"hidden\" name=\"_wpcf7_version\" value=\"6.1.3\" \/><input type=\"hidden\" name=\"_wpcf7_locale\" value=\"en_US\" \/><input type=\"hidden\" name=\"_wpcf7_unit_tag\" value=\"wpcf7-f31-o1\" \/><input type=\"hidden\" name=\"_wpcf7_container_post\" value=\"0\" \/><input type=\"hidden\" name=\"_wpcf7_posted_data_hash\" value=\"\" \/><input type=\"hidden\" name=\"_wpcf7_recaptcha_response\" value=\"\" \/>\n<\/fieldset>\n<p><span class=\"wpcf7-form-control-wrap\" data-name=\"your-name\"><input size=\"40\" maxlength=\"400\" class=\"wpcf7-form-control wpcf7-text wpcf7-validates-as-required\" aria-required=\"true\" aria-invalid=\"false\" placeholder=\"IME:\" value=\"\" type=\"text\" name=\"your-name\" \/><\/span><br \/>\n<span class=\"wpcf7-form-control-wrap\" data-name=\"your-email\"><input size=\"40\" maxlength=\"400\" class=\"wpcf7-form-control wpcf7-email wpcf7-validates-as-required wpcf7-text wpcf7-validates-as-email\" aria-required=\"true\" aria-invalid=\"false\" placeholder=\"EMAIL:\" value=\"\" type=\"email\" name=\"your-email\" \/><\/span><br \/>\n<span class=\"wpcf7-form-control-wrap\" data-name=\"your-message\"><textarea cols=\"40\" rows=\"10\" maxlength=\"2000\" class=\"wpcf7-form-control wpcf7-textarea\" aria-invalid=\"false\" placeholder=\"PORUKA...\" name=\"your-message\"><\/textarea><\/span><br \/>\n<span class=\"wpcf7-form-control-wrap\" data-name=\"acceptance-735\"><span class=\"wpcf7-form-control wpcf7-acceptance\"><span class=\"wpcf7-list-item\"><label><input type=\"checkbox\" name=\"acceptance-735\" value=\"1\" aria-invalid=\"false\" \/><span class=\"wpcf7-list-item-label\">Pro\u010ditao\/la sam i prihva\u0107am uvjete <a href=\"\/index.php\/politika-privatnosti\/\">Politike privatnosti<\/a><\/span><\/label><\/span><\/span><\/span><br \/>\n<input class=\"wpcf7-form-control wpcf7-submit has-spinner\" type=\"submit\" value=\"PO\u0160ALJI\" \/>\n<\/p><p style=\"display: none !important;\" class=\"akismet-fields-container\" data-prefix=\"_wpcf7_ak_\"><label>&#916;<textarea name=\"_wpcf7_ak_hp_textarea\" cols=\"45\" rows=\"8\" maxlength=\"100\"><\/textarea><\/label><input type=\"hidden\" id=\"ak_js_1\" name=\"_wpcf7_ak_js\" value=\"80\"\/><script>document.getElementById( \"ak_js_1\" ).setAttribute( \"value\", ( new Date() ).getTime() );<\/script><\/p><div class=\"wpcf7-response-output\" aria-hidden=\"true\"><\/div>\n<\/form>\n<\/div>\n<\/div>\n\t\t\t\t\t\t<\/div>\n\t\t\t\t<\/div>\n\t\t\t\t\t<\/div>\n\t\t<\/div>\n\t\t\t\t\t<\/div>\n\t\t<\/section>\n\t\t<div class=\"elementor-element elementor-element-dd2d626 e-flex e-con-boxed e-con e-parent\" data-id=\"dd2d626\" data-element_type=\"container\">\n\t\t\t\t\t<div class=\"e-con-inner\">\n\t\t<div class=\"elementor-element elementor-element-835d332 e-con-full e-flex e-con e-child\" data-id=\"835d332\" data-element_type=\"container\">\n\t\t\t\t<div class=\"elementor-element elementor-element-4fdb6e9 elementor-widget elementor-widget-image\" data-id=\"4fdb6e9\" data-element_type=\"widget\" data-widget_type=\"image.default\">\n\t\t\t\t<div class=\"elementor-widget-container\">\n\t\t\t\t\t\t\t\t\t\t\t\t\t\t\t<img decoding=\"async\" width=\"300\" height=\"104\" src=\"https:\/\/furrier-group.hr\/wp-content\/uploads\/2025\/02\/eu-300x104.png\" class=\"attachment-medium size-medium wp-image-1264\" alt=\"\" srcset=\"https:\/\/furrier-group.hr\/wp-content\/uploads\/2025\/02\/eu-300x104.png 300w, https:\/\/furrier-group.hr\/wp-content\/uploads\/2025\/02\/eu-1024x356.png 1024w, https:\/\/furrier-group.hr\/wp-content\/uploads\/2025\/02\/eu-768x267.png 768w, https:\/\/furrier-group.hr\/wp-content\/uploads\/2025\/02\/eu.png 1150w\" sizes=\"(max-width: 300px) 100vw, 300px\" \/>\t\t\t\t\t\t\t\t\t\t\t\t\t\t\t<\/div>\n\t\t\t\t<\/div>\n\t\t\t\t<\/div>\n\t\t<div class=\"elementor-element elementor-element-8690784 e-con-full e-flex e-con e-child\" data-id=\"8690784\" data-element_type=\"container\">\n\t\t\t\t<div class=\"elementor-element elementor-element-3be58e2 elementor-widget elementor-widget-image\" data-id=\"3be58e2\" data-element_type=\"widget\" data-widget_type=\"image.default\">\n\t\t\t\t<div class=\"elementor-widget-container\">\n\t\t\t\t\t\t\t\t\t\t\t\t\t\t\t<img decoding=\"async\" width=\"300\" height=\"100\" src=\"https:\/\/furrier-group.hr\/wp-content\/uploads\/2025\/02\/hamag-300x100.png\" class=\"attachment-medium size-medium wp-image-1265\" alt=\"\" srcset=\"https:\/\/furrier-group.hr\/wp-content\/uploads\/2025\/02\/hamag-300x100.png 300w, https:\/\/furrier-group.hr\/wp-content\/uploads\/2025\/02\/hamag-1024x341.png 1024w, https:\/\/furrier-group.hr\/wp-content\/uploads\/2025\/02\/hamag-768x256.png 768w, https:\/\/furrier-group.hr\/wp-content\/uploads\/2025\/02\/hamag.png 1200w\" sizes=\"(max-width: 300px) 100vw, 300px\" \/>\t\t\t\t\t\t\t\t\t\t\t\t\t\t\t<\/div>\n\t\t\t\t<\/div>\n\t\t\t\t<\/div>\n\t\t\t\t\t<\/div>\n\t\t\t\t<\/div>\n\t\t\t\t<\/div>\n\t\t","protected":false},"excerpt":{"rendered":"<p>10 KONTAKT OSTANIMO U KONTAKTU Ako imate bilo kakva pitanja ili komentare, slobodno koristite desni formular da nam po\u0161aljete poruku. Na\u0161 tim \u0107e vam odgovoriti u najkra\u0107em &#8230;<\/p>\n","protected":false},"author":1,"featured_media":0,"parent":0,"menu_order":8,"comment_status":"closed","ping_status":"closed","template":"elementor_header_footer","meta":{"footnotes":""},"class_list":["post-116","page","type-page","status-publish","hentry"],"yoast_head":"<!-- This site is optimized with the Yoast SEO plugin v26.3 - https:\/\/yoast.com\/wordpress\/plugins\/seo\/ -->\n<title>Kontakt - Furrier Group<\/title>\n<meta name=\"robots\" content=\"index, follow, max-snippet:-1, max-image-preview:large, max-video-preview:-1\" \/>\n<link rel=\"canonical\" href=\"https:\/\/furrier-group.hr\/index.php\/kontakt\/\" \/>\n<meta property=\"og:locale\" content=\"hr_HR\" \/>\n<meta property=\"og:type\" content=\"article\" \/>\n<meta property=\"og:title\" content=\"Kontakt - Furrier Group\" \/>\n<meta property=\"og:description\" content=\"10 KONTAKT OSTANIMO U KONTAKTU Ako imate bilo kakva pitanja ili komentare, slobodno koristite desni formular da nam po\u0161aljete poruku. Na\u0161 tim \u0107e vam odgovoriti u najkra\u0107em ...\" \/>\n<meta property=\"og:url\" content=\"https:\/\/furrier-group.hr\/index.php\/kontakt\/\" \/>\n<meta property=\"og:site_name\" content=\"Furrier Group\" \/>\n<meta property=\"article:modified_time\" content=\"2025-02-12T16:41:32+00:00\" \/>\n<meta property=\"og:image\" content=\"http:\/\/furrier-group.hr\/wp-content\/uploads\/2025\/02\/eu-300x104.png\" \/>\n<meta name=\"twitter:card\" content=\"summary_large_image\" \/>\n<script type=\"application\/ld+json\" class=\"yoast-schema-graph\">{\"@context\":\"https:\/\/schema.org\",\"@graph\":[{\"@type\":\"WebPage\",\"@id\":\"https:\/\/furrier-group.hr\/index.php\/kontakt\/\",\"url\":\"https:\/\/furrier-group.hr\/index.php\/kontakt\/\",\"name\":\"Kontakt - Furrier Group\",\"isPartOf\":{\"@id\":\"https:\/\/furrier-group.hr\/#website\"},\"primaryImageOfPage\":{\"@id\":\"https:\/\/furrier-group.hr\/index.php\/kontakt\/#primaryimage\"},\"image\":{\"@id\":\"https:\/\/furrier-group.hr\/index.php\/kontakt\/#primaryimage\"},\"thumbnailUrl\":\"http:\/\/furrier-group.hr\/wp-content\/uploads\/2025\/02\/eu-300x104.png\",\"datePublished\":\"2018-09-11T11:00:42+00:00\",\"dateModified\":\"2025-02-12T16:41:32+00:00\",\"breadcrumb\":{\"@id\":\"https:\/\/furrier-group.hr\/index.php\/kontakt\/#breadcrumb\"},\"inLanguage\":\"hr\",\"potentialAction\":[{\"@type\":\"ReadAction\",\"target\":[\"https:\/\/furrier-group.hr\/index.php\/kontakt\/\"]}]},{\"@type\":\"ImageObject\",\"inLanguage\":\"hr\",\"@id\":\"https:\/\/furrier-group.hr\/index.php\/kontakt\/#primaryimage\",\"url\":\"https:\/\/furrier-group.hr\/wp-content\/uploads\/2025\/02\/eu.png\",\"contentUrl\":\"https:\/\/furrier-group.hr\/wp-content\/uploads\/2025\/02\/eu.png\",\"width\":1150,\"height\":400},{\"@type\":\"BreadcrumbList\",\"@id\":\"https:\/\/furrier-group.hr\/index.php\/kontakt\/#breadcrumb\",\"itemListElement\":[{\"@type\":\"ListItem\",\"position\":1,\"name\":\"Home\",\"item\":\"https:\/\/furrier-group.hr\/\"},{\"@type\":\"ListItem\",\"position\":2,\"name\":\"Kontakt\"}]},{\"@type\":\"WebSite\",\"@id\":\"https:\/\/furrier-group.hr\/#website\",\"url\":\"https:\/\/furrier-group.hr\/\",\"name\":\"Furrier Group\",\"description\":\"\",\"potentialAction\":[{\"@type\":\"SearchAction\",\"target\":{\"@type\":\"EntryPoint\",\"urlTemplate\":\"https:\/\/furrier-group.hr\/?s={search_term_string}\"},\"query-input\":{\"@type\":\"PropertyValueSpecification\",\"valueRequired\":true,\"valueName\":\"search_term_string\"}}],\"inLanguage\":\"hr\"}]}<\/script>\n<!-- \/ Yoast SEO plugin. -->","yoast_head_json":{"title":"Kontakt - Furrier Group","robots":{"index":"index","follow":"follow","max-snippet":"max-snippet:-1","max-image-preview":"max-image-preview:large","max-video-preview":"max-video-preview:-1"},"canonical":"https:\/\/furrier-group.hr\/index.php\/kontakt\/","og_locale":"hr_HR","og_type":"article","og_title":"Kontakt - Furrier Group","og_description":"10 KONTAKT OSTANIMO U KONTAKTU Ako imate bilo kakva pitanja ili komentare, slobodno koristite desni formular da nam po\u0161aljete poruku. Na\u0161 tim \u0107e vam odgovoriti u najkra\u0107em ...","og_url":"https:\/\/furrier-group.hr\/index.php\/kontakt\/","og_site_name":"Furrier Group","article_modified_time":"2025-02-12T16:41:32+00:00","og_image":[{"url":"http:\/\/furrier-group.hr\/wp-content\/uploads\/2025\/02\/eu-300x104.png","type":"","width":"","height":""}],"twitter_card":"summary_large_image","schema":{"@context":"https:\/\/schema.org","@graph":[{"@type":"WebPage","@id":"https:\/\/furrier-group.hr\/index.php\/kontakt\/","url":"https:\/\/furrier-group.hr\/index.php\/kontakt\/","name":"Kontakt - Furrier Group","isPartOf":{"@id":"https:\/\/furrier-group.hr\/#website"},"primaryImageOfPage":{"@id":"https:\/\/furrier-group.hr\/index.php\/kontakt\/#primaryimage"},"image":{"@id":"https:\/\/furrier-group.hr\/index.php\/kontakt\/#primaryimage"},"thumbnailUrl":"http:\/\/furrier-group.hr\/wp-content\/uploads\/2025\/02\/eu-300x104.png","datePublished":"2018-09-11T11:00:42+00:00","dateModified":"2025-02-12T16:41:32+00:00","breadcrumb":{"@id":"https:\/\/furrier-group.hr\/index.php\/kontakt\/#breadcrumb"},"inLanguage":"hr","potentialAction":[{"@type":"ReadAction","target":["https:\/\/furrier-group.hr\/index.php\/kontakt\/"]}]},{"@type":"ImageObject","inLanguage":"hr","@id":"https:\/\/furrier-group.hr\/index.php\/kontakt\/#primaryimage","url":"https:\/\/furrier-group.hr\/wp-content\/uploads\/2025\/02\/eu.png","contentUrl":"https:\/\/furrier-group.hr\/wp-content\/uploads\/2025\/02\/eu.png","width":1150,"height":400},{"@type":"BreadcrumbList","@id":"https:\/\/furrier-group.hr\/index.php\/kontakt\/#breadcrumb","itemListElement":[{"@type":"ListItem","position":1,"name":"Home","item":"https:\/\/furrier-group.hr\/"},{"@type":"ListItem","position":2,"name":"Kontakt"}]},{"@type":"WebSite","@id":"https:\/\/furrier-group.hr\/#website","url":"https:\/\/furrier-group.hr\/","name":"Furrier Group","description":"","potentialAction":[{"@type":"SearchAction","target":{"@type":"EntryPoint","urlTemplate":"https:\/\/furrier-group.hr\/?s={search_term_string}"},"query-input":{"@type":"PropertyValueSpecification","valueRequired":true,"valueName":"search_term_string"}}],"inLanguage":"hr"}]}},"_links":{"self":[{"href":"https:\/\/furrier-group.hr\/index.php\/wp-json\/wp\/v2\/pages\/116","targetHints":{"allow":["GET"]}}],"collection":[{"href":"https:\/\/furrier-group.hr\/index.php\/wp-json\/wp\/v2\/pages"}],"about":[{"href":"https:\/\/furrier-group.hr\/index.php\/wp-json\/wp\/v2\/types\/page"}],"author":[{"embeddable":true,"href":"https:\/\/furrier-group.hr\/index.php\/wp-json\/wp\/v2\/users\/1"}],"replies":[{"embeddable":true,"href":"https:\/\/furrier-group.hr\/index.php\/wp-json\/wp\/v2\/comments?post=116"}],"version-history":[{"count":28,"href":"https:\/\/furrier-group.hr\/index.php\/wp-json\/wp\/v2\/pages\/116\/revisions"}],"predecessor-version":[{"id":1269,"href":"https:\/\/furrier-group.hr\/index.php\/wp-json\/wp\/v2\/pages\/116\/revisions\/1269"}],"wp:attachment":[{"href":"https:\/\/furrier-group.hr\/index.php\/wp-json\/wp\/v2\/media?parent=116"}],"curies":[{"name":"wp","href":"https:\/\/api.w.org\/{rel}","templated":true}]}}